{"id":8,"date":"2018-07-11T12:02:33","date_gmt":"2018-07-11T10:02:33","guid":{"rendered":"http:\/\/cblik.pw.edu.pl\/?page_id=8"},"modified":"2024-11-29T13:53:42","modified_gmt":"2024-11-29T12:53:42","slug":"strona-glowna","status":"publish","type":"page","link":"https:\/\/cblik.pw.edu.pl\/","title":{"rendered":"Strona g\u0142\u00f3wna"},"content":{"rendered":"\t\t<div data-elementor-type=\"wp-page\" data-elementor-id=\"8\" class=\"elementor elementor-8\">\n\t\t\t\t\t\t<section class=\"elementor-section elementor-top-section elementor-element elementor-element-0f59a17 elementor-section-boxed elementor-section-height-default elementor-section-height-default\" data-id=\"0f59a17\" data-element_type=\"section\">\n\t\t\t\t\t\t<div class=\"elementor-container elementor-column-gap-default\">\n\t\t\t\t\t<div class=\"elementor-column elementor-col-100 elementor-top-column elementor-element elementor-element-aa8fecb\" data-id=\"aa8fecb\" data-element_type=\"column\">\n\t\t\t<div class=\"elementor-widget-wrap elementor-element-populated\">\n\t\t\t\t\t\t<div class=\"elementor-element elementor-element-ab5da61 elementor-widget elementor-widget-image\" data-id=\"ab5da61\" data-element_type=\"widget\" data-widget_type=\"image.default\">\n\t\t\t\t<div class=\"elementor-widget-container\">\n\t\t\t\t\t\t\t\t\t\t\t\t\t\t\t<img decoding=\"async\" width=\"385\" height=\"100\" src=\"https:\/\/cblik.pw.edu.pl\/wp-content\/uploads\/2022\/07\/pw.png\" class=\"attachment-medium_large size-medium_large wp-image-197\" alt=\"\" srcset=\"https:\/\/cblik.pw.edu.pl\/wp-content\/uploads\/2022\/07\/pw.png 385w, https:\/\/cblik.pw.edu.pl\/wp-content\/uploads\/2022\/07\/pw-300x78.png 300w\" sizes=\"(max-width: 385px) 100vw, 385px\" \/>\t\t\t\t\t\t\t\t\t\t\t\t\t\t\t<\/div>\n\t\t\t\t<\/div>\n\t\t\t\t\t<\/div>\n\t\t<\/div>\n\t\t\t\t\t<\/div>\n\t\t<\/section>\n\t\t\t\t<section class=\"elementor-section elementor-top-section elementor-element elementor-element-643fe4e elementor-section-boxed elementor-section-height-default elementor-section-height-default elementor-invisible\" data-id=\"643fe4e\" data-element_type=\"section\" data-settings=\"{&quot;background_background&quot;:&quot;slideshow&quot;,&quot;background_slideshow_gallery&quot;:[{&quot;id&quot;:29,&quot;url&quot;:&quot;http:\\\/\\\/cblik.pw.edu.pl\\\/wp-content\\\/uploads\\\/2018\\\/07\\\/helicopter-2116170_1920.jpg&quot;}],&quot;animation&quot;:&quot;zoomIn&quot;,&quot;background_slideshow_loop&quot;:&quot;yes&quot;,&quot;background_slideshow_slide_duration&quot;:5000,&quot;background_slideshow_slide_transition&quot;:&quot;fade&quot;,&quot;background_slideshow_transition_duration&quot;:500}\">\n\t\t\t\t\t\t<div class=\"elementor-container elementor-column-gap-default\">\n\t\t\t\t\t<div class=\"elementor-column elementor-col-100 elementor-top-column elementor-element elementor-element-a3ea4f9\" data-id=\"a3ea4f9\" data-element_type=\"column\">\n\t\t\t<div class=\"elementor-widget-wrap elementor-element-populated\">\n\t\t\t\t\t\t<div class=\"elementor-element elementor-element-5bebf1c elementor-widget elementor-widget-heading\" data-id=\"5bebf1c\" data-element_type=\"widget\" data-widget_type=\"heading.default\">\n\t\t\t\t<div class=\"elementor-widget-container\">\n\t\t\t\t\t<h2 class=\"elementor-heading-title elementor-size-xl\">Centrum Badawcze Lotnictwa i Kosmonautyki<\/h2>\t\t\t\t<\/div>\n\t\t\t\t<\/div>\n\t\t\t\t<div class=\"elementor-element elementor-element-a2fd8c5 elementor-widget elementor-widget-spacer\" data-id=\"a2fd8c5\" data-element_type=\"widget\" data-widget_type=\"spacer.default\">\n\t\t\t\t<div class=\"elementor-widget-container\">\n\t\t\t\t\t\t\t<div class=\"elementor-spacer\">\n\t\t\t<div class=\"elementor-spacer-inner\"><\/div>\n\t\t<\/div>\n\t\t\t\t\t\t<\/div>\n\t\t\t\t<\/div>\n\t\t\t\t\t<\/div>\n\t\t<\/div>\n\t\t\t\t\t<\/div>\n\t\t<\/section>\n\t\t\t\t<section class=\"elementor-section elementor-top-section elementor-element elementor-element-6c8875fe elementor-section-boxed elementor-section-height-default elementor-section-height-default\" data-id=\"6c8875fe\" data-element_type=\"section\">\n\t\t\t\t\t\t<div class=\"elementor-container elementor-column-gap-default\">\n\t\t\t\t\t<div class=\"elementor-column elementor-col-100 elementor-top-column elementor-element elementor-element-6b2fd534\" data-id=\"6b2fd534\" data-element_type=\"column\">\n\t\t\t<div class=\"elementor-widget-wrap elementor-element-populated\">\n\t\t\t\t\t\t<div class=\"elementor-element elementor-element-dce189d elementor-widget elementor-widget-spacer\" data-id=\"dce189d\" data-element_type=\"widget\" data-widget_type=\"spacer.default\">\n\t\t\t\t<div class=\"elementor-widget-container\">\n\t\t\t\t\t\t\t<div class=\"elementor-spacer\">\n\t\t\t<div class=\"elementor-spacer-inner\"><\/div>\n\t\t<\/div>\n\t\t\t\t\t\t<\/div>\n\t\t\t\t<\/div>\n\t\t\t\t<div class=\"elementor-element elementor-element-4cd9629f elementor-widget elementor-widget-text-editor\" data-id=\"4cd9629f\" data-element_type=\"widget\" data-widget_type=\"text-editor.default\">\n\t\t\t\t<div class=\"elementor-widget-container\">\n\t\t\t\t\t\t\t\t\tUczelniane Centrum jest platform\u0105 mi\u0119dzywydzia\u0142owej interdyscyplinarnej wsp\u00f3\u0142pracy grup badawczych Politechniki Warszawskiej, powo\u0142an\u0105&nbsp;w celu prowadzenia wsp\u00f3lnych bada\u0144 oraz rozwijania wsp\u00f3\u0142pracy z organizacjami przemys\u0142owymi w obszarze Lotnictwa i Kosmonautyki. Centrum powsta\u0142e w 2012 roku bazuje na potencjale Wydzia\u0142u Mechanicznego Energetyki i Lotnictwa, Wydzia\u0142u In\u017cynierii Materia\u0142owej i Wydzia\u0142u Elektrycznego PW.\n\nPoprzez zaanga\u017cowanie r\u00f3\u017cnych wydzia\u0142\u00f3w PW Centrum zapewnia dost\u0119p do infrastruktury oraz wyspecjalizowanego personelu umo\u017cliwiaj\u0105cego prowadzenie numerycznych i do\u015bwiadczalnych bada\u0144 z zakresu:\n<ul>\n \t<li>Aerodynamiki<\/li>\n \t<li>Automatyki i uk\u0142ad\u00f3w sterowania<\/li>\n \t<li>Elektrotechniki i elektroniki<\/li>\n \t<li>In\u017cynierii materia\u0142owej<\/li>\n \t<li>Mechaniki lotu<\/li>\n \t<li>Silnik\u00f3w lotniczych i spalania<\/li>\n \t<li>Wytrzyma\u0142o\u015bci materia\u0142\u00f3w i konstrukcji<\/li>\n<\/ul>\t\t\t\t\t\t\t\t<\/div>\n\t\t\t\t<\/div>\n\t\t\t\t<div class=\"elementor-element elementor-element-190fa76 elementor-widget elementor-widget-spacer\" data-id=\"190fa76\" data-element_type=\"widget\" data-widget_type=\"spacer.default\">\n\t\t\t\t<div class=\"elementor-widget-container\">\n\t\t\t\t\t\t\t<div class=\"elementor-spacer\">\n\t\t\t<div class=\"elementor-spacer-inner\"><\/div>\n\t\t<\/div>\n\t\t\t\t\t\t<\/div>\n\t\t\t\t<\/div>\n\t\t\t\t\t<\/div>\n\t\t<\/div>\n\t\t\t\t\t<\/div>\n\t\t<\/section>\n\t\t\t\t<section class=\"elementor-section elementor-top-section elementor-element elementor-element-88fc0c6 elementor-section-boxed elementor-section-height-default elementor-section-height-default\" data-id=\"88fc0c6\" data-element_type=\"section\" data-settings=\"{&quot;background_background&quot;:&quot;classic&quot;}\">\n\t\t\t\t\t\t<div class=\"elementor-container elementor-column-gap-default\">\n\t\t\t\t\t<div class=\"elementor-column elementor-col-100 elementor-top-column elementor-element elementor-element-36ef470\" data-id=\"36ef470\" data-element_type=\"column\">\n\t\t\t<div class=\"elementor-widget-wrap elementor-element-populated\">\n\t\t\t\t\t\t<div class=\"elementor-element elementor-element-5eff2e0 elementor-widget elementor-widget-heading\" data-id=\"5eff2e0\" data-element_type=\"widget\" data-widget_type=\"heading.default\">\n\t\t\t\t<div class=\"elementor-widget-container\">\n\t\t\t\t\t<h2 class=\"elementor-heading-title elementor-size-large\">Kontakt<\/h2>\t\t\t\t<\/div>\n\t\t\t\t<\/div>\n\t\t\t\t<div class=\"elementor-element elementor-element-556db90 elementor-widget elementor-widget-spacer\" data-id=\"556db90\" data-element_type=\"widget\" data-widget_type=\"spacer.default\">\n\t\t\t\t<div class=\"elementor-widget-container\">\n\t\t\t\t\t\t\t<div class=\"elementor-spacer\">\n\t\t\t<div class=\"elementor-spacer-inner\"><\/div>\n\t\t<\/div>\n\t\t\t\t\t\t<\/div>\n\t\t\t\t<\/div>\n\t\t\t\t<section class=\"elementor-section elementor-inner-section elementor-element elementor-element-75e24e8 elementor-section-boxed elementor-section-height-default elementor-section-height-default\" data-id=\"75e24e8\" data-element_type=\"section\">\n\t\t\t\t\t\t<div class=\"elementor-container elementor-column-gap-default\">\n\t\t\t\t\t<div class=\"elementor-column elementor-col-33 elementor-inner-column elementor-element elementor-element-7bc31f0 animated-slow elementor-invisible\" data-id=\"7bc31f0\" data-element_type=\"column\" data-settings=\"{&quot;animation&quot;:&quot;fadeIn&quot;}\">\n\t\t\t<div class=\"elementor-widget-wrap elementor-element-populated\">\n\t\t\t\t\t\t<div class=\"elementor-element elementor-element-c9bfd42 elementor-widget elementor-widget-heading\" data-id=\"c9bfd42\" data-element_type=\"widget\" data-widget_type=\"heading.default\">\n\t\t\t\t<div class=\"elementor-widget-container\">\n\t\t\t\t\t<h2 class=\"elementor-heading-title elementor-size-medium\"><span style=\"font-family: var( --e-global-typography-primary-font-family ), Sans-serif;font-weight: var( --e-global-typography-primary-font-weight )\">Dr in\u017c. Sebastian Topczewski<\/span><\/h2>\t\t\t\t<\/div>\n\t\t\t\t<\/div>\n\t\t\t\t<div class=\"elementor-element elementor-element-76afd0c elementor-widget elementor-widget-text-editor\" data-id=\"76afd0c\" data-element_type=\"widget\" data-widget_type=\"text-editor.default\">\n\t\t\t\t<div class=\"elementor-widget-container\">\n\t\t\t\t\t\t\t\t\t<p><span style=\"color: var( --e-global-color-c696dce ); font-family: var( --e-global-typography-text-font-family ), Sans-serif; font-size: var( --e-global-typography-text-font-size ); font-style: var( --e-global-typography-text-font-style ); font-weight: var( --e-global-typography-text-font-weight ); letter-spacing: var( --e-global-typography-text-letter-spacing ); text-transform: var( --e-global-typography-text-text-transform );\">Dyrektor Centrum<\/span><\/p>\t\t\t\t\t\t\t\t<\/div>\n\t\t\t\t<\/div>\n\t\t\t\t<div class=\"elementor-element elementor-element-0022318 elementor-widget elementor-widget-image\" data-id=\"0022318\" data-element_type=\"widget\" data-widget_type=\"image.default\">\n\t\t\t\t<div class=\"elementor-widget-container\">\n\t\t\t\t\t\t\t\t\t\t\t\t\t\t\t<img decoding=\"async\" width=\"100\" height=\"132\" src=\"https:\/\/cblik.pw.edu.pl\/wp-content\/uploads\/2024\/11\/S.Topczewski.jpg\" class=\"elementor-animation-grow attachment-medium size-medium wp-image-228\" alt=\"\" \/>\t\t\t\t\t\t\t\t\t\t\t\t\t\t\t<\/div>\n\t\t\t\t<\/div>\n\t\t\t\t<div class=\"elementor-element elementor-element-c785dc7 elementor-widget elementor-widget-text-editor\" data-id=\"c785dc7\" data-element_type=\"widget\" data-widget_type=\"text-editor.default\">\n\t\t\t\t<div class=\"elementor-widget-container\">\n\t\t\t\t\t\t\t\t\t<p>Tel. +48 22 234 5981<br>ul. Nowowiejska 24<br>00-665 Warszawa<\/p>\t\t\t\t\t\t\t\t<\/div>\n\t\t\t\t<\/div>\n\t\t\t\t\t<\/div>\n\t\t<\/div>\n\t\t\t\t<div class=\"elementor-column elementor-col-33 elementor-inner-column elementor-element elementor-element-2c4dcb3 animated-slow elementor-invisible\" data-id=\"2c4dcb3\" data-element_type=\"column\" data-settings=\"{&quot;animation&quot;:&quot;fadeIn&quot;}\">\n\t\t\t<div class=\"elementor-widget-wrap elementor-element-populated\">\n\t\t\t\t\t\t<div class=\"elementor-element elementor-element-54f0c92 elementor-widget elementor-widget-heading\" data-id=\"54f0c92\" data-element_type=\"widget\" data-widget_type=\"heading.default\">\n\t\t\t\t<div class=\"elementor-widget-container\">\n\t\t\t\t\t<h2 class=\"elementor-heading-title elementor-size-medium\">Dr in\u017c. Antoni Kopyt<\/h2>\t\t\t\t<\/div>\n\t\t\t\t<\/div>\n\t\t\t\t<div class=\"elementor-element elementor-element-156daed elementor-widget elementor-widget-text-editor\" data-id=\"156daed\" data-element_type=\"widget\" data-widget_type=\"text-editor.default\">\n\t\t\t\t<div class=\"elementor-widget-container\">\n\t\t\t\t\t\t\t\t\tZast\u0119pca Dyrektora ds. Lotnictwa\t\t\t\t\t\t\t\t<\/div>\n\t\t\t\t<\/div>\n\t\t\t\t<div class=\"elementor-element elementor-element-6e12c85 elementor-widget elementor-widget-image\" data-id=\"6e12c85\" data-element_type=\"widget\" data-widget_type=\"image.default\">\n\t\t\t\t<div class=\"elementor-widget-container\">\n\t\t\t\t\t\t\t\t\t\t\t\t\t\t\t<img decoding=\"async\" width=\"100\" height=\"132\" src=\"https:\/\/cblik.pw.edu.pl\/wp-content\/uploads\/2024\/11\/A.Kopyt_.jpg\" class=\"elementor-animation-grow attachment-medium size-medium wp-image-227\" alt=\"\" \/>\t\t\t\t\t\t\t\t\t\t\t\t\t\t\t<\/div>\n\t\t\t\t<\/div>\n\t\t\t\t<div class=\"elementor-element elementor-element-8ea215e elementor-widget elementor-widget-text-editor\" data-id=\"8ea215e\" data-element_type=\"widget\" data-widget_type=\"text-editor.default\">\n\t\t\t\t<div class=\"elementor-widget-container\">\n\t\t\t\t\t\t\t\t\t<p>Tel. +48 22 234 5981<br \/>ul. Nowowiejska 24<br \/>00-665 Warszawa<\/p>\t\t\t\t\t\t\t\t<\/div>\n\t\t\t\t<\/div>\n\t\t\t\t\t<\/div>\n\t\t<\/div>\n\t\t\t\t<div class=\"elementor-column elementor-col-33 elementor-inner-column elementor-element elementor-element-cc82da4 animated-slow elementor-invisible\" data-id=\"cc82da4\" data-element_type=\"column\" data-settings=\"{&quot;animation&quot;:&quot;fadeIn&quot;}\">\n\t\t\t<div class=\"elementor-widget-wrap elementor-element-populated\">\n\t\t\t\t\t\t<div class=\"elementor-element elementor-element-8a936a4 elementor-widget elementor-widget-heading\" data-id=\"8a936a4\" data-element_type=\"widget\" data-widget_type=\"heading.default\">\n\t\t\t\t<div class=\"elementor-widget-container\">\n\t\t\t\t\t<h2 class=\"elementor-heading-title elementor-size-medium\">Dr in\u017c. \u0141ukasz M\u0119\u017cyk<\/h2>\t\t\t\t<\/div>\n\t\t\t\t<\/div>\n\t\t\t\t<div class=\"elementor-element elementor-element-7b8ba87 elementor-widget elementor-widget-text-editor\" data-id=\"7b8ba87\" data-element_type=\"widget\" data-widget_type=\"text-editor.default\">\n\t\t\t\t<div class=\"elementor-widget-container\">\n\t\t\t\t\t\t\t\t\tZast\u0119pca Dyrektora ds. Kosmonautyki\t\t\t\t\t\t\t\t<\/div>\n\t\t\t\t<\/div>\n\t\t\t\t<div class=\"elementor-element elementor-element-805026e elementor-widget elementor-widget-image\" data-id=\"805026e\" data-element_type=\"widget\" data-widget_type=\"image.default\">\n\t\t\t\t<div class=\"elementor-widget-container\">\n\t\t\t\t\t\t\t\t\t\t\t\t\t\t\t<img loading=\"lazy\" decoding=\"async\" width=\"95\" height=\"132\" src=\"https:\/\/cblik.pw.edu.pl\/wp-content\/uploads\/2021\/10\/lmezyk-1.jpg\" class=\"elementor-animation-grow attachment-medium size-medium wp-image-104\" alt=\"\" \/>\t\t\t\t\t\t\t\t\t\t\t\t\t\t\t<\/div>\n\t\t\t\t<\/div>\n\t\t\t\t<div class=\"elementor-element elementor-element-3e0c058 elementor-widget elementor-widget-text-editor\" data-id=\"3e0c058\" data-element_type=\"widget\" data-widget_type=\"text-editor.default\">\n\t\t\t\t<div class=\"elementor-widget-container\">\n\t\t\t\t\t\t\t\t\t<p>Tel. +48 22 234 5268<br data-rich-text-line-break=\"true\" \/>ul. Nowowiejska 21\/25<br data-rich-text-line-break=\"true\" \/>00-665 Warszawa<\/p>\t\t\t\t\t\t\t\t<\/div>\n\t\t\t\t<\/div>\n\t\t\t\t\t<\/div>\n\t\t<\/div>\n\t\t\t\t\t<\/div>\n\t\t<\/section>\n\t\t\t\t<div class=\"elementor-element elementor-element-30ce208 elementor-widget elementor-widget-text-editor\" data-id=\"30ce208\" data-element_type=\"widget\" data-widget_type=\"text-editor.default\">\n\t\t\t\t<div class=\"elementor-widget-container\">\n\t\t\t\t\t\t\t\t\t<p>email: <a href=\"mailto:cblik@pw.edu.pl\">cblik@pw.edu.pl<\/a><\/p>\t\t\t\t\t\t\t\t<\/div>\n\t\t\t\t<\/div>\n\t\t\t\t\t<\/div>\n\t\t<\/div>\n\t\t\t\t\t<\/div>\n\t\t<\/section>\n\t\t\t\t<\/div>\n\t\t","protected":false},"excerpt":{"rendered":"<p>Centrum Badawcze Lotnictwa i Kosmonautyki Uczelniane Centrum jest platform\u0105 mi\u0119dzywydzia\u0142owej interdyscyplinarnej wsp\u00f3\u0142pracy grup badawczych Politechniki Warszawskiej, powo\u0142an\u0105&nbsp;w celu prowadzenia wsp\u00f3lnych bada\u0144 oraz rozwijania wsp\u00f3\u0142pracy z organizacjami przemys\u0142owymi w obszarze Lotnictwa i Kosmonautyki. Centrum powsta\u0142e w 2012 roku bazuje na potencjale Wydzia\u0142u Mechanicznego Energetyki i Lotnictwa, Wydzia\u0142u In\u017cynierii Materia\u0142owej i Wydzia\u0142u Elektrycznego PW. Poprzez zaanga\u017cowanie r\u00f3\u017cnych [&hellip;]<\/p>\n","protected":false},"author":1,"featured_media":0,"parent":0,"menu_order":0,"comment_status":"closed","ping_status":"closed","template":"","meta":{"footnotes":""},"class_list":["post-8","page","type-page","status-publish","hentry"],"_links":{"self":[{"href":"https:\/\/cblik.pw.edu.pl\/index.php?rest_route=\/wp\/v2\/pages\/8","targetHints":{"allow":["GET"]}}],"collection":[{"href":"https:\/\/cblik.pw.edu.pl\/index.php?rest_route=\/wp\/v2\/pages"}],"about":[{"href":"https:\/\/cblik.pw.edu.pl\/index.php?rest_route=\/wp\/v2\/types\/page"}],"author":[{"embeddable":true,"href":"https:\/\/cblik.pw.edu.pl\/index.php?rest_route=\/wp\/v2\/users\/1"}],"replies":[{"embeddable":true,"href":"https:\/\/cblik.pw.edu.pl\/index.php?rest_route=%2Fwp%2Fv2%2Fcomments&post=8"}],"version-history":[{"count":67,"href":"https:\/\/cblik.pw.edu.pl\/index.php?rest_route=\/wp\/v2\/pages\/8\/revisions"}],"predecessor-version":[{"id":234,"href":"https:\/\/cblik.pw.edu.pl\/index.php?rest_route=\/wp\/v2\/pages\/8\/revisions\/234"}],"wp:attachment":[{"href":"https:\/\/cblik.pw.edu.pl\/index.php?rest_route=%2Fwp%2Fv2%2Fmedia&parent=8"}],"curies":[{"name":"wp","href":"https:\/\/api.w.org\/{rel}","templated":true}]}}