{"id":10,"date":"2018-07-11T12:02:33","date_gmt":"2018-07-11T10:02:33","guid":{"rendered":"http:\/\/cblik.pw.edu.pl\/?page_id=10"},"modified":"2021-10-20T20:14:37","modified_gmt":"2021-10-20T18:14:37","slug":"kontakt","status":"publish","type":"page","link":"https:\/\/cblik.pw.edu.pl\/?page_id=10","title":{"rendered":"Kontakt"},"content":{"rendered":"\n<figure class=\"wp-block-table is-style-stripes\"><table><tbody><tr><td class=\"has-text-align-center\" data-align=\"center\"><img decoding=\"async\" width=\"100\" height=\"129\" class=\"wp-image-32\" style=\"width: 100px;\" src=\"http:\/\/cblik.pw.edu.pl\/wp-content\/uploads\/2018\/07\/J.Narkiewicz.jpg\" alt=\"\"><\/td><td><strong>Prof. dr hab. in\u017c. Janusz Narkiewicz<\/strong><br>Dyrektor Centrum<br>Tel. +48 22 234 7445<br>ul. Nowowiejska 24<br>00-665 Warszawa, Polska <\/td><\/tr><tr><td class=\"has-text-align-center\" data-align=\"center\"><img decoding=\"async\" width=\"100\" height=\"131\" class=\"wp-image-99\" style=\"width: 100px;\" src=\"http:\/\/cblik.pw.edu.pl\/wp-content\/uploads\/2021\/10\/S.Topczewski-1.jpg\" alt=\"\"><\/td><td><strong>Dr in\u017c. Sebastian Topczewski<\/strong><br>Zast\u0119pca Dyrektora ds. Lotnictwa<br>Tel. +48 22 234 5981<br>ul. Nowowiejska 24<br>00-665 Warszawa, Polska <\/td><\/tr><tr><td class=\"has-text-align-center\" data-align=\"center\"><img decoding=\"async\" width=\"95\" height=\"132\" class=\"wp-image-104\" style=\"width: 95px;\" src=\"http:\/\/cblik.pw.edu.pl\/wp-content\/uploads\/2021\/10\/lmezyk-1.jpg\" alt=\"\"><\/td><td><strong>Dr in\u017c. \u0141ukasz M\u0119\u017cyk<\/strong><br>Zast\u0119pca Dyrektora ds. Kosmonautyki<br>Tel. +48 22 234 5268<br>ul. Nowowiejska 21\/25<br>00-665 Warszawa, Polska <\/td><\/tr><\/tbody><\/table><\/figure>\n\n\n\n<p>email: <a href=\"mailto:cblik@meil.pw.edu.pl\">cblik@meil.pw.edu.pl<\/a><\/p>\n","protected":false},"excerpt":{"rendered":"<p>Prof. dr hab. in\u017c. Janusz NarkiewiczDyrektor CentrumTel. +48 22 234 7445ul. Nowowiejska 2400-665 Warszawa, Polska Dr in\u017c. Sebastian TopczewskiZast\u0119pca Dyrektora ds. LotnictwaTel. +48 22 234 5981ul. Nowowiejska 2400-665 Warszawa, Polska Dr in\u017c. \u0141ukasz M\u0119\u017cykZast\u0119pca Dyrektora ds. KosmonautykiTel. +48 22 234 5268ul. Nowowiejska 21\/2500-665 Warszawa, Polska email: cblik@meil.pw.edu.pl<\/p>\n","protected":false},"author":1,"featured_media":0,"parent":0,"menu_order":0,"comment_status":"closed","ping_status":"closed","template":"","meta":{"footnotes":""},"class_list":["post-10","page","type-page","status-publish","hentry"],"_links":{"self":[{"href":"https:\/\/cblik.pw.edu.pl\/index.php?rest_route=\/wp\/v2\/pages\/10","targetHints":{"allow":["GET"]}}],"collection":[{"href":"https:\/\/cblik.pw.edu.pl\/index.php?rest_route=\/wp\/v2\/pages"}],"about":[{"href":"https:\/\/cblik.pw.edu.pl\/index.php?rest_route=\/wp\/v2\/types\/page"}],"author":[{"embeddable":true,"href":"https:\/\/cblik.pw.edu.pl\/index.php?rest_route=\/wp\/v2\/users\/1"}],"replies":[{"embeddable":true,"href":"https:\/\/cblik.pw.edu.pl\/index.php?rest_route=%2Fwp%2Fv2%2Fcomments&post=10"}],"version-history":[{"count":13,"href":"https:\/\/cblik.pw.edu.pl\/index.php?rest_route=\/wp\/v2\/pages\/10\/revisions"}],"predecessor-version":[{"id":106,"href":"https:\/\/cblik.pw.edu.pl\/index.php?rest_route=\/wp\/v2\/pages\/10\/revisions\/106"}],"wp:attachment":[{"href":"https:\/\/cblik.pw.edu.pl\/index.php?rest_route=%2Fwp%2Fv2%2Fmedia&parent=10"}],"curies":[{"name":"wp","href":"https:\/\/api.w.org\/{rel}","templated":true}]}}